{"id":239,"date":"2026-02-20T14:58:59","date_gmt":"2026-02-20T20:58:59","guid":{"rendered":"https:\/\/unisanachapingo.com\/?post_type=product&#038;p=239"},"modified":"2026-03-16T00:09:19","modified_gmt":"2026-03-16T06:09:19","slug":"herbolaria-nutricion-terapeutica-y-jugoterapia","status":"publish","type":"product","link":"https:\/\/unisanachapingo.com\/?product=herbolaria-nutricion-terapeutica-y-jugoterapia","title":{"rendered":"Herbolaria, Nutrici\u00f3n Terap\u00e9utica y Jugoterapia"},"content":{"rendered":"<p>\u2764\ufe0f Que tu alimento sea tu medicina y tu sabidur\u00eda la gu\u00eda para sanar \u2764\ufe0f<br \/>\n\ud83c\udf37 La salud viene desde dentro y la Herbolaria, Nutrici\u00f3n Terap\u00e9utica y Jugoterapia act\u00faan desde la ra\u00edz \ud83c\udf38<\/p>\n<p>\u2705 Forma parte del Diplomado en Herbolaria, Nutrici\u00f3n Terap\u00e9utica y Jugoterapia<br \/>\n\ud83d\udc69\ud83c\udffb\u200d\ud83c\udfeb Clases \ud83d\udcaf% en vivo por zoom \ud83d\udc69\ud83c\udffb\u200d\ud83d\udcbb<br \/>\n\ud83e\udd66\ud83e\udd57 Estudia desde la comodidad de tu casa y transforma tu futuro con conocimientos milenarios aplicados al bienestar moderno.<\/p>\n<p>\ud83d\udcda En este diplomado aprender\u00e1s a:<br \/>\n\u2728 Reconocer y utilizar plantas medicinales para preparar remedios naturales.<br \/>\n\u2728 Dise\u00f1ar planes de alimentaci\u00f3n terap\u00e9utica para mejorar la salud.<br \/>\n\u2728 Elaborar jugos y extractos naturales que favorezcan la desintoxicaci\u00f3n y el fortalecimiento del organismo.<br \/>\n\u2728 Integrar t\u00e9cnicas pr\u00e1cticas para un estilo de vida m\u00e1s saludable y equilibrado.<\/p>\n<p>\ud83d\udcc5 Inicio : 19 de Marzo<br \/>\n\ud83e\udded Duraci\u00f3n: 15 m\u00f3dulos (cada uno equivale a 4 semanas)<br \/>\n\ud83d\uddd3\ufe0f Clases: Jueves de 17:00 a 18:00 hrs<br \/>\n\ud83c\udfa5 Todas las clases son en totalmente en vivo y quedan grabadas para que las repitas cuando lo necesites. \ud83d\ude0d<\/p>\n<p>\ud83c\udf81 Beneficios de estudiar en UNISANA-CHAPINGO:<br \/>\n\ud83c\udf3c Clases pr\u00e1cticas en cada sesi\u00f3n<br \/>\n\ud83c\udf3c Plataforma virtual disponible 24\/7<br \/>\n\ud83c\udf3c Profesores certificados y con amplia experiencia<br \/>\n\ud83c\udf3c Acceso a grabaciones y materiales del curso<\/p>\n<p>\ud83d\udcb0 Inversi\u00f3n:<br \/>\n\u270d\ud83c\udffb Inscripci\u00f3n: $1,000<br \/>\n\ud83d\udcd8 Cuota por m\u00f3dulo: $1,250 (4 sesiones por m\u00f3dulo)<\/p>\n","protected":false},"excerpt":{"rendered":"<p>\u203c\ufe0f \ud83c\udf3f\ud83c\udf4fPROMOCI\u00d3N ESPECIAL\ud83e\udd57\ud83d\ude0d<br \/>\n\ud83c\udf3f Inscr\u00edbete a nuestro diplomado de Herbolaria, Nutrici\u00f3n Terap\u00e9utica y Jugoterapia* y aprovecha grandes beneficios \ud83c\udf1f<br \/>\n\u2728 \u00bfQu\u00e9 incluye esta promoci\u00f3n?<br \/>\n\ud83c\udf89 Inscripci\u00f3n totalmente GRATIS<br \/>\n\ud83d\udcb0 Cuota preferente por m\u00f3dulo: solo $1,050.00 MXN<br \/>\n(v\u00e1lido al pagar una semana antes de cada nuevo m\u00f3dulo)<\/p>\n<p>\ud83d\udea8Activa tu inscripci\u00f3n sin costo<br \/>\nSolo cubre tu primer m\u00f3dulo a m\u00e1s tardar el 2 de Marzo y asegura tu lugar_ .<\/p>\n<p>\ud83c\udfe6 Datos para dep\u00f3sito:<br \/>\n\ud83d\udd39 Banco: BBVA<br \/>\n\ud83d\udd39 A nombre de: Universidad de Salud Natural Chapingo<br \/>\n\ud83d\udd39 Cuenta: 0191945165<br \/>\n\ud83d\udd39 CLABE Interbancaria: 012650001919451653<\/p>\n<p>\ud83d\udcf2 Inscribirte es muy f\u00e1cil:<br \/>\n1\ufe0f\u20e3 Realiza tu pago.<br \/>\n2\ufe0f\u20e3 Env\u00edanos tu comprobante, nombre completo y correo electr\u00f3nico.<br \/>\n3\ufe0f\u20e3 Recibe tu enlace de acceso personalizado.<br \/>\n\u2705 \u00a1Y listo! Ya formas parte del diplomado.<\/p>\n<p>\ud83c\udf1f No dejes pasar esta oportunidad \u00fanica.<\/p>\n","protected":false},"featured_media":240,"comment_status":"open","ping_status":"closed","template":"","meta":{"site-sidebar-layout":"default","site-content-layout":"","ast-site-content-layout":"default","site-content-style":"default","site-sidebar-style":"default","ast-global-header-display":"","ast-banner-title-visibility":"","ast-main-header-display":"","ast-hfb-above-header-display":"","ast-hfb-below-header-display":"","ast-hfb-mobile-header-display":"","site-post-title":"","ast-breadcrumbs-content":"","ast-featured-img":"","footer-sml-layout":"","ast-disable-related-posts":"","theme-transparent-header-meta":"default","adv-header-id-meta":"","stick-header-meta":"","header-above-stick-meta":"","header-main-stick-meta":"","header-below-stick-meta":"","astra-migrate-meta-layouts":"set","ast-page-background-enabled":"default","ast-page-background-meta":{"desktop":{"background-color":"var(--ast-global-color-5)","background-image":"","background-repeat":"repeat","background-position":"center center","background-size":"auto","background-attachment":"scroll","background-type":"","background-media":"","overlay-type":"","overlay-color":"","overlay-opacity":"","overlay-gradient":""},"tablet":{"background-color":"","background-image":"","background-repeat":"repeat","background-position":"center center","background-size":"auto","background-attachment":"scroll","background-type":"","background-media":"","overlay-type":"","overlay-color":"","overlay-opacity":"","overlay-gradient":""},"mobile":{"background-color":"","background-image":"","background-repeat":"repeat","background-position":"center center","background-size":"auto","background-attachment":"scroll","background-type":"","background-media":"","overlay-type":"","overlay-color":"","overlay-opacity":"","overlay-gradient":""}},"ast-content-background-meta":{"desktop":{"background-color":"var(--ast-global-color-4)","background-image":"","background-repeat":"repeat","background-position":"center center","background-size":"auto","background-attachment":"scroll","background-type":"","background-media":"","overlay-type":"","overlay-color":"","overlay-opacity":"","overlay-gradient":""},"tablet":{"background-color":"var(--ast-global-color-4)","background-image":"","background-repeat":"repeat","background-position":"center center","background-size":"auto","background-attachment":"scroll","background-type":"","background-media":"","overlay-type":"","overlay-color":"","overlay-opacity":"","overlay-gradient":""},"mobile":{"background-color":"var(--ast-global-color-4)","background-image":"","background-repeat":"repeat","background-position":"center center","background-size":"auto","background-attachment":"scroll","background-type":"","background-media":"","overlay-type":"","overlay-color":"","overlay-opacity":"","overlay-gradient":""}}},"product_brand":[],"product_cat":[16],"product_tag":[],"class_list":{"0":"post-239","1":"product","2":"type-product","3":"status-publish","4":"has-post-thumbnail","6":"product_cat-sin-categorizar","7":"desktop-align-left","8":"tablet-align-left","9":"mobile-align-left","11":"first","12":"instock","13":"sale","14":"shipping-taxable","15":"purchasable","16":"product-type-simple"},"_links":{"self":[{"href":"https:\/\/unisanachapingo.com\/index.php?rest_route=\/wp\/v2\/product\/239","targetHints":{"allow":["GET"]}}],"collection":[{"href":"https:\/\/unisanachapingo.com\/index.php?rest_route=\/wp\/v2\/product"}],"about":[{"href":"https:\/\/unisanachapingo.com\/index.php?rest_route=\/wp\/v2\/types\/product"}],"replies":[{"embeddable":true,"href":"https:\/\/unisanachapingo.com\/index.php?rest_route=%2Fwp%2Fv2%2Fcomments&post=239"}],"wp:featuredmedia":[{"embeddable":true,"href":"https:\/\/unisanachapingo.com\/index.php?rest_route=\/wp\/v2\/media\/240"}],"wp:attachment":[{"href":"https:\/\/unisanachapingo.com\/index.php?rest_route=%2Fwp%2Fv2%2Fmedia&parent=239"}],"wp:term":[{"taxonomy":"product_brand","embeddable":true,"href":"https:\/\/unisanachapingo.com\/index.php?rest_route=%2Fwp%2Fv2%2Fproduct_brand&post=239"},{"taxonomy":"product_cat","embeddable":true,"href":"https:\/\/unisanachapingo.com\/index.php?rest_route=%2Fwp%2Fv2%2Fproduct_cat&post=239"},{"taxonomy":"product_tag","embeddable":true,"href":"https:\/\/unisanachapingo.com\/index.php?rest_route=%2Fwp%2Fv2%2Fproduct_tag&post=239"}],"curies":[{"name":"wp","href":"https:\/\/api.w.org\/{rel}","templated":true}]}}